{"id":4435,"date":"2025-09-15T21:09:45","date_gmt":"2025-09-15T19:09:45","guid":{"rendered":"https:\/\/bushpro.pl\/about-us\/"},"modified":"2025-10-05T20:13:59","modified_gmt":"2025-10-05T18:13:59","slug":"o-nas","status":"publish","type":"page","link":"https:\/\/bushpro.pl\/?page_id=4435","title":{"rendered":"BushPro &#8211; O nas"},"content":{"rendered":"\t\t<div data-elementor-type=\"wp-post\" data-elementor-id=\"4435\" class=\"elementor elementor-4435\" data-elementor-post-type=\"page\">\n\t\t\t\t<div class=\"elementor-element elementor-element-382155f e-flex e-con-boxed e-con e-parent\" data-id=\"382155f\" data-element_type=\"container\" data-settings=\"{&quot;background_background&quot;:&quot;classic&quot;}\">\n\t\t\t\t\t<div class=\"e-con-inner\">\n\t\t\t\t\t<\/div>\n\t\t\t\t<\/div>\n\t\t<div class=\"elementor-element elementor-element-4b276c3 e-flex e-con-boxed e-con e-parent\" data-id=\"4b276c3\" data-element_type=\"container\">\n\t\t\t\t\t<div class=\"e-con-inner\">\n\t\t\t\t<div class=\"elementor-element elementor-element-d02bcd0 elementor-widget elementor-widget-text-editor\" data-id=\"d02bcd0\" data-element_type=\"widget\" data-widget_type=\"text-editor.default\">\n\t\t\t\t<div class=\"elementor-widget-container\">\n\t\t\t\t\t\t\t\t\t<p><strong>Bonus:<\/strong> przy zam\u00f3wieniach powy\u017cej <strong>200 z\u0142<\/strong> otrzymasz <strong>darmowy<\/strong> e-book: \u201eJak poradzi\u0107 sobie podczas lockdownu\u201d &#8211; praktyczny poradnik krok po kroku.<\/p>\t\t\t\t\t\t\t\t<\/div>\n\t\t\t\t<\/div>\n\t\t\t\t\t<\/div>\n\t\t\t\t<\/div>\n\t\t<div class=\"elementor-element elementor-element-c7bafd9 e-flex e-con-boxed e-con e-parent\" data-id=\"c7bafd9\" data-element_type=\"container\" data-settings=\"{&quot;background_background&quot;:&quot;classic&quot;}\">\n\t\t\t\t\t<div class=\"e-con-inner\">\n\t\t<div class=\"elementor-element elementor-element-dd6a178 e-con-full e-flex e-con e-child\" data-id=\"dd6a178\" data-element_type=\"container\">\n\t\t\t\t<div class=\"elementor-element elementor-element-7b44a52 elementor-widget elementor-widget-image\" data-id=\"7b44a52\" data-element_type=\"widget\" data-widget_type=\"image.default\">\n\t\t\t\t<div class=\"elementor-widget-container\">\n\t\t\t\t\t\t\t\t\t\t\t\t\t\t\t<img decoding=\"async\" src=\"https:\/\/bushpro.pl\/wp-content\/uploads\/2025\/09\/cropped-LogoMakr-5J6CNX.png\" title=\"logomakr 5j6cnx\" alt=\"logomakr 5j6cnx\" loading=\"lazy\" \/>\t\t\t\t\t\t\t\t\t\t\t\t\t\t\t<\/div>\n\t\t\t\t<\/div>\n\t\t\t\t<div class=\"elementor-element elementor-element-041873b elementor-widget elementor-widget-heading\" data-id=\"041873b\" data-element_type=\"widget\" data-widget_type=\"heading.default\">\n\t\t\t\t<div class=\"elementor-widget-container\">\n\t\t\t\t\t<h2 class=\"elementor-heading-title elementor-size-default\">kim jeste\u015bmy?<\/h2>\t\t\t\t<\/div>\n\t\t\t\t<\/div>\n\t\t\t\t<div class=\"elementor-element elementor-element-2c013c7 elementor-widget elementor-widget-text-editor\" data-id=\"2c013c7\" data-element_type=\"widget\" data-widget_type=\"text-editor.default\">\n\t\t\t\t<div class=\"elementor-widget-container\">\n\t\t\t\t\t\t\t\t\t<p>Dlaczego BushPro? BushPro powsta\u0142o z potrzeby prostego i praktycznego podej\u015bcia do bezpiecze\u0144stwa. Celujemy w osoby, kt\u00f3re: zaczynaj\u0105 przygod\u0119 z survivalem i chc\u0105 czu\u0107 si\u0119 pewnie, szukaj\u0105 gotowych zestaw\u00f3w awaryjnych dla siebie i rodziny, lub ju\u017c maj\u0105 do\u015bwiadczenie i chc\u0105 uzupe\u0142ni\u0107 sw\u00f3j sprz\u0119t. Nasze podej\u015bcie jest surowe i techniczne bez zb\u0119dnych hase\u0142, tylko sprawdzone rozwi\u0105zania.<\/p>\t\t\t\t\t\t\t\t<\/div>\n\t\t\t\t<\/div>\n\t\t\t\t<div class=\"elementor-element elementor-element-ec73f21 elementor-widget elementor-widget-image\" data-id=\"ec73f21\" data-element_type=\"widget\" data-widget_type=\"image.default\">\n\t\t\t\t<div class=\"elementor-widget-container\">\n\t\t\t\t\t\t\t\t\t\t\t\t\t\t\t<img fetchpriority=\"high\" decoding=\"async\" width=\"1920\" height=\"1257\" src=\"https:\/\/bushpro.pl\/wp-content\/uploads\/2025\/09\/camping-4431837_1920.jpg\" class=\"attachment-full size-full wp-image-4693\" alt=\"camping 4431837 1920\" srcset=\"https:\/\/bushpro.pl\/wp-content\/uploads\/2025\/09\/camping-4431837_1920.jpg 1920w, https:\/\/bushpro.pl\/wp-content\/uploads\/2025\/09\/camping-4431837_1920-300x196.jpg 300w, https:\/\/bushpro.pl\/wp-content\/uploads\/2025\/09\/camping-4431837_1920-1024x670.jpg 1024w, https:\/\/bushpro.pl\/wp-content\/uploads\/2025\/09\/camping-4431837_1920-768x503.jpg 768w, https:\/\/bushpro.pl\/wp-content\/uploads\/2025\/09\/camping-4431837_1920-1536x1006.jpg 1536w, https:\/\/bushpro.pl\/wp-content\/uploads\/2025\/09\/camping-4431837_1920-1320x864.jpg 1320w, https:\/\/bushpro.pl\/wp-content\/uploads\/2025\/09\/camping-4431837_1920-600x393.jpg 600w\" sizes=\"(max-width: 1920px) 100vw, 1920px\" title=\"BushPro - O nas\">\t\t\t\t\t\t\t\t\t\t\t\t\t\t\t<\/div>\n\t\t\t\t<\/div>\n\t\t\t\t<\/div>\n\t\t\t\t\t<\/div>\n\t\t\t\t<\/div>\n\t\t<div class=\"elementor-element elementor-element-5b86707 e-flex e-con-boxed e-con e-parent\" data-id=\"5b86707\" data-element_type=\"container\">\n\t\t\t\t\t<div class=\"e-con-inner\">\n\t\t<div class=\"elementor-element elementor-element-ee15746 e-con-full e-flex e-con e-child\" data-id=\"ee15746\" data-element_type=\"container\">\n\t\t\t\t<div class=\"elementor-element elementor-element-5bd5b6d elementor-widget elementor-widget-heading\" data-id=\"5bd5b6d\" data-element_type=\"widget\" data-widget_type=\"heading.default\">\n\t\t\t\t<div class=\"elementor-widget-container\">\n\t\t\t\t\t<h2 class=\"elementor-heading-title elementor-size-default\">Co oferujemy?<\/h2>\t\t\t\t<\/div>\n\t\t\t\t<\/div>\n\t\t\t\t<\/div>\n\t\t<div class=\"elementor-element elementor-element-613c03a e-con-full e-flex e-con e-child\" data-id=\"613c03a\" data-element_type=\"container\">\n\t\t\t\t<div class=\"elementor-element elementor-element-dccb7d0 elementor-widget elementor-widget-heading\" data-id=\"dccb7d0\" data-element_type=\"widget\" data-widget_type=\"heading.default\">\n\t\t\t\t<div class=\"elementor-widget-container\">\n\t\t\t\t\t<h2 class=\"elementor-heading-title elementor-size-default\">Nasza misja.<\/h2>\t\t\t\t<\/div>\n\t\t\t\t<\/div>\n\t\t\t\t<\/div>\n\t\t<div class=\"elementor-element elementor-element-7ae901e e-con-full e-flex e-con e-child\" data-id=\"7ae901e\" data-element_type=\"container\">\n\t\t\t\t<div class=\"elementor-element elementor-element-0947fb6 elementor-widget elementor-widget-text-editor\" data-id=\"0947fb6\" data-element_type=\"widget\" data-widget_type=\"text-editor.default\">\n\t\t\t\t<div class=\"elementor-widget-container\">\n\t\t\t\t\t\t\t\t\t<p>Zestawy <b>72h<\/b> gotowe pakiety przetrwania w razie awarii pr\u0105du, kryzysu czy nag\u0142ego wyjazdu. No\u017ce i narz\u0119dzia podstawowe wyposa\u017cenie bushcraftowe i survivalowe. Apteczki zestawy medyczne przygotowane na r\u00f3\u017cne scenariusze. Wsparcie doradcze doradzamy przy wyborze i dopasowaniu zestawu pod Twoje potrzeby.<\/p>\t\t\t\t\t\t\t\t<\/div>\n\t\t\t\t<\/div>\n\t\t\t\t<\/div>\n\t\t<div class=\"elementor-element elementor-element-2448a87 e-con-full e-flex e-con e-child\" data-id=\"2448a87\" data-element_type=\"container\">\n\t\t\t\t<div class=\"elementor-element elementor-element-6284500 elementor-widget elementor-widget-text-editor\" data-id=\"6284500\" data-element_type=\"widget\" data-widget_type=\"text-editor.default\">\n\t\t\t\t<div class=\"elementor-widget-container\">\n\t\t\t\t\t\t\t\t\t<div class=\"message__5126c cozyMessage__5126c wrapper_c19a55 cozy_c19a55 zalgo_c19a55\" tabindex=\"-1\" role=\"article\" data-list-item-id=\"chat-messages___chat-messages-1025469895644823582-1421250036293177356\" aria-setsize=\"-1\" aria-roledescription=\"Wiadomo\u015b\u0107\" aria-labelledby=\"message-username-1421249087591813201 uid_1 message-content-1421250036293177356 uid_2 message-timestamp-1421250036293177356\"><div class=\"contents_c19a55\"><div id=\"message-content-1421250036293177356\" class=\"markup__75297 messageContent_c19a55\">BushPro powsta\u0142o po to, by ka\u017cdy m\u00f3g\u0142 poczu\u0107 si\u0119 bezpiecznie niezale\u017cnie od sytuacji. Sprz\u0119t to jedno, ale najwa\u017cniejsze jest poczucie, \u017ce jeste\u015b przygotowany. Chcemy, by ludzie, kt\u00f3rzy zaufali BushPro, odczuli spok\u00f3j i pewno\u015b\u0107 niezale\u017cnie od tego, czy chodzi o zwyk\u0142y biwak, czy kryzysow\u0105 sytuacj\u0119.<\/div><\/div><\/div>\t\t\t\t\t\t\t\t<\/div>\n\t\t\t\t<\/div>\n\t\t\t\t<\/div>\n\t\t\t\t\t<\/div>\n\t\t\t\t<\/div>\n\t\t<div class=\"elementor-element elementor-element-aacb418 e-grid e-con-boxed e-con e-parent\" data-id=\"aacb418\" data-element_type=\"container\">\n\t\t\t\t\t<div class=\"e-con-inner\">\n\t\t\t\t<div class=\"elementor-element elementor-element-7e85be1 elementor-widget elementor-widget-heading\" data-id=\"7e85be1\" data-element_type=\"widget\" data-widget_type=\"heading.default\">\n\t\t\t\t<div class=\"elementor-widget-container\">\n\t\t\t\t\t<h2 class=\"elementor-heading-title elementor-size-default\">Dlaczego warto by\u0107 przygotowanym?<\/h2>\t\t\t\t<\/div>\n\t\t\t\t<\/div>\n\t\t\t\t<div class=\"elementor-element elementor-element-9da91a1 elementor-widget__width-initial elementor-widget elementor-widget-text-editor\" data-id=\"9da91a1\" data-element_type=\"widget\" data-widget_type=\"text-editor.default\">\n\t\t\t\t<div class=\"elementor-widget-container\">\n\t\t\t\t\t\t\t\t\t<p><strong>72 godziny<\/strong> &#8211; to tyle wystarczy, aby wiele sytuacji kryzysowych zamieni\u0142o si\u0119 w powa\u017cny problem, je\u015bli nie jeste\u015b przygotowany. Awarie pr\u0105du, wichury, powodzie, przerwy w dostawach wody czy \u017cywno\u015bci w takich chwilach cz\u0119sto jeste\u015b zdany tylko na siebie i najbli\u017cszych. Dlatego w BushPro stawiamy na zasad\u0119 72h czyli gotowo\u015b\u0107 do samodzielnego przetrwania minimum trzech dni. To czas, w kt\u00f3rym: s\u0142u\u017cby ratunkowe dopiero docieraj\u0105 do poszkodowanych, sklepy i apteki bywaj\u0105 zamkni\u0119te lub puste, sie\u0107 energetyczna i wodoci\u0105gowa mo\u017ce nie dzia\u0142a\u0107. Przygotowanie odpowiedniego zestawu awaryjnego daje Ci spok\u00f3j i poczucie kontroli niezale\u017cnie od tego, czy chodzi o zwyk\u0142y blackout w mie\u015bcie, czy powa\u017cniejszy kryzys.<\/p>\t\t\t\t\t\t\t\t<\/div>\n\t\t\t\t<\/div>\n\t\t\t\t\t<\/div>\n\t\t\t\t<\/div>\n\t\t<div class=\"elementor-element elementor-element-6256e1f e-flex e-con-boxed e-con e-parent\" data-id=\"6256e1f\" data-element_type=\"container\">\n\t\t\t\t\t<div class=\"e-con-inner\">\n\t\t<div class=\"elementor-element elementor-element-825fce9 e-con-full e-flex e-con e-child\" data-id=\"825fce9\" data-element_type=\"container\">\n\t\t\t\t<div class=\"elementor-element elementor-element-b6b0d19 elementor-view-default elementor-position-top elementor-mobile-position-top elementor-widget elementor-widget-icon-box\" data-id=\"b6b0d19\" data-element_type=\"widget\" data-widget_type=\"icon-box.default\">\n\t\t\t\t<div class=\"elementor-widget-container\">\n\t\t\t\t\t\t\t<div class=\"elementor-icon-box-wrapper\">\n\n\t\t\t\t\t\t<div class=\"elementor-icon-box-icon\">\n\t\t\t\t<span  class=\"elementor-icon\">\n\t\t\t\t<i aria-hidden=\"true\" class=\"fas fa-map-marker-alt\"><\/i>\t\t\t\t<\/span>\n\t\t\t<\/div>\n\t\t\t\n\t\t\t\t\t\t<div class=\"elementor-icon-box-content\">\n\n\t\t\t\t\t\t\t\t\t<h3 class=\"elementor-icon-box-title\">\n\t\t\t\t\t\t<span  >\n\t\t\t\t\t\t\tLokalizacja naszej firmy\t\t\t\t\t\t<\/span>\n\t\t\t\t\t<\/h3>\n\t\t\t\t\n\t\t\t\t\t\t\t\t\t<p class=\"elementor-icon-box-description\">\n\t\t\t\t\t\tNasza firma dzia\u0142a na terenie Polski, co gwarantuje szybki i sprawny kontakt oraz pe\u0142n\u0105 obs\u0142ug\u0119 w j\u0119zyku polskim. Dzi\u0119ki lokalizacji w kraju mo\u017cemy zapewni\u0107 kr\u00f3tszy czas realizacji zam\u00f3wie\u0144, dost\u0119p do zaufanych dostawc\u00f3w oraz zgodno\u015b\u0107 z obowi\u0105zuj\u0105cymi przepisami prawa i standardami bezpiecze\u0144stwa. Jeste\u015bmy blisko naszych klient\u00f3w - rozumiemy ich potrzeby i dbamy o najwy\u017csz\u0105 jako\u015b\u0107 obs\u0142ugi.\t\t\t\t\t<\/p>\n\t\t\t\t\n\t\t\t<\/div>\n\t\t\t\n\t\t<\/div>\n\t\t\t\t\t\t<\/div>\n\t\t\t\t<\/div>\n\t\t\t\t<\/div>\n\t\t<div class=\"elementor-element elementor-element-bae8cab e-con-full e-flex e-con e-child\" data-id=\"bae8cab\" data-element_type=\"container\">\n\t\t\t\t<div class=\"elementor-element elementor-element-346cf45 elementor-widget elementor-widget-google_maps\" data-id=\"346cf45\" data-element_type=\"widget\" data-widget_type=\"google_maps.default\">\n\t\t\t\t<div class=\"elementor-widget-container\">\n\t\t\t\t\t\t\t<div class=\"elementor-custom-embed\">\n\t\t\t<iframe loading=\"lazy\"\n\t\t\t\t\tsrc=\"https:\/\/maps.google.com\/maps?q=pozna%C5%84&#038;t=m&#038;z=10&#038;output=embed&#038;iwloc=near\"\n\t\t\t\t\ttitle=\"pozna\u0144\"\n\t\t\t\t\taria-label=\"pozna\u0144\"\n\t\t\t><\/iframe>\n\t\t<\/div>\n\t\t\t\t\t\t<\/div>\n\t\t\t\t<\/div>\n\t\t\t\t<\/div>\n\t\t\t\t\t<\/div>\n\t\t\t\t<\/div>\n\t\t<div class=\"elementor-element elementor-element-d740d93 e-flex e-con-boxed e-con e-parent\" data-id=\"d740d93\" data-element_type=\"container\" data-settings=\"{&quot;background_background&quot;:&quot;classic&quot;}\">\n\t\t\t\t\t<div class=\"e-con-inner\">\n\t\t<div class=\"elementor-element elementor-element-81fa0ff e-con-full e-flex e-con e-child\" data-id=\"81fa0ff\" data-element_type=\"container\">\n\t\t\t\t<div class=\"elementor-element elementor-element-300860c elementor-widget elementor-widget-heading\" data-id=\"300860c\" data-element_type=\"widget\" data-widget_type=\"heading.default\">\n\t\t\t\t<div class=\"elementor-widget-container\">\n\t\t\t\t\t<h2 class=\"elementor-heading-title elementor-size-default\">Zainteresowany ? Sprawd\u017a nasz\u0105 ofert\u0119 i wybierz co\u015b dla siebie.<\/h2>\t\t\t\t<\/div>\n\t\t\t\t<\/div>\n\t\t\t\t<div class=\"elementor-element elementor-element-fe82dc4 elementor-mobile-align-center elementor-align-center elementor-widget elementor-widget-button\" data-id=\"fe82dc4\" data-element_type=\"widget\" data-widget_type=\"button.default\">\n\t\t\t\t<div class=\"elementor-widget-container\">\n\t\t\t\t\t\t\t\t\t<div class=\"elementor-button-wrapper\">\n\t\t\t\t\t<a class=\"elementor-button elementor-button-link elementor-size-md\" href=\"https:\/\/bushpro.pl\/sklep-2\/\">\n\t\t\t\t\t\t<span class=\"elementor-button-content-wrapper\">\n\t\t\t\t\t\t\t\t\t<span class=\"elementor-button-text\">Przejd\u017a do sklepu<\/span>\n\t\t\t\t\t<\/span>\n\t\t\t\t\t<\/a>\n\t\t\t\t<\/div>\n\t\t\t\t\t\t\t\t<\/div>\n\t\t\t\t<\/div>\n\t\t\t\t<\/div>\n\t\t\t\t\t<\/div>\n\t\t\t\t<\/div>\n\t\t\t\t<\/div>\n\t\t","protected":false},"excerpt":{"rendered":"<p>Bonus: przy zam\u00f3wieniach powy\u017cej 200 z\u0142 otrzymasz darmowy e-book: \u201eJak poradzi\u0107 sobie podczas lockdownu\u201d &#8211; praktyczny poradnik krok po kroku. kim jeste\u015bmy? Dlaczego BushPro? BushPro powsta\u0142o z potrzeby prostego i praktycznego podej\u015bcia do bezpiecze\u0144stwa. Celujemy w osoby, kt\u00f3re: zaczynaj\u0105 przygod\u0119 z survivalem i chc\u0105 czu\u0107 si\u0119 pewnie, szukaj\u0105 gotowych zestaw\u00f3w awaryjnych dla siebie i rodziny, [&hellip;]<\/p>\n","protected":false},"author":1,"featured_media":0,"parent":0,"menu_order":0,"comment_status":"closed","ping_status":"closed","template":"","meta":{"site-sidebar-layout":"no-sidebar","site-content-layout":"page-builder","ast-site-content-layout":"default","site-content-style":"default","site-sidebar-style":"default","ast-global-header-display":"","ast-banner-title-visibility":"","ast-main-header-display":"","ast-hfb-above-header-display":"","ast-hfb-below-header-display":"","ast-hfb-mobile-header-display":"","site-post-title":"","ast-breadcrumbs-content":"","ast-featured-img":"disabled","footer-sml-layout":"","ast-disable-related-posts":"","theme-transparent-header-meta":"enabled","adv-header-id-meta":"","stick-header-meta":"","header-above-stick-meta":"","header-main-stick-meta":"","header-below-stick-meta":"","astra-migrate-meta-layouts":"default","ast-page-background-enabled":"default","ast-page-background-meta":{"desktop":{"background-color":"","background-image":"","background-repeat":"repeat","background-position":"center center","background-size":"auto","background-attachment":"scroll","background-type":"","background-media":"","overlay-type":"","overlay-color":"","overlay-opacity":"","overlay-gradient":""},"tablet":{"background-color":"","background-image":"","background-repeat":"repeat","background-position":"center center","background-size":"auto","background-attachment":"scroll","background-type":"","background-media":"","overlay-type":"","overlay-color":"","overlay-opacity":"","overlay-gradient":""},"mobile":{"background-color":"","background-image":"","background-repeat":"repeat","background-position":"center center","background-size":"auto","background-attachment":"scroll","background-type":"","background-media":"","overlay-type":"","overlay-color":"","overlay-opacity":"","overlay-gradient":""}},"ast-content-background-meta":{"desktop":{"background-color":"var(--ast-global-color-5)","background-image":"","background-repeat":"repeat","background-position":"center center","background-size":"auto","background-attachment":"scroll","background-type":"","background-media":"","overlay-type":"","overlay-color":"","overlay-opacity":"","overlay-gradient":""},"tablet":{"background-color":"var(--ast-global-color-5)","background-image":"","background-repeat":"repeat","background-position":"center center","background-size":"auto","background-attachment":"scroll","background-type":"","background-media":"","overlay-type":"","overlay-color":"","overlay-opacity":"","overlay-gradient":""},"mobile":{"background-color":"var(--ast-global-color-5)","background-image":"","background-repeat":"repeat","background-position":"center center","background-size":"auto","background-attachment":"scroll","background-type":"","background-media":"","overlay-type":"","overlay-color":"","overlay-opacity":"","overlay-gradient":""}},"_kadence_starter_templates_imported_post":false,"footnotes":""},"class_list":["post-4435","page","type-page","status-publish","hentry"],"jetpack_sharing_enabled":true,"_links":{"self":[{"href":"https:\/\/bushpro.pl\/index.php?rest_route=\/wp\/v2\/pages\/4435","targetHints":{"allow":["GET"]}}],"collection":[{"href":"https:\/\/bushpro.pl\/index.php?rest_route=\/wp\/v2\/pages"}],"about":[{"href":"https:\/\/bushpro.pl\/index.php?rest_route=\/wp\/v2\/types\/page"}],"author":[{"embeddable":true,"href":"https:\/\/bushpro.pl\/index.php?rest_route=\/wp\/v2\/users\/1"}],"replies":[{"embeddable":true,"href":"https:\/\/bushpro.pl\/index.php?rest_route=%2Fwp%2Fv2%2Fcomments&post=4435"}],"version-history":[{"count":42,"href":"https:\/\/bushpro.pl\/index.php?rest_route=\/wp\/v2\/pages\/4435\/revisions"}],"predecessor-version":[{"id":4968,"href":"https:\/\/bushpro.pl\/index.php?rest_route=\/wp\/v2\/pages\/4435\/revisions\/4968"}],"wp:attachment":[{"href":"https:\/\/bushpro.pl\/index.php?rest_route=%2Fwp%2Fv2%2Fmedia&parent=4435"}],"curies":[{"name":"wp","href":"https:\/\/api.w.org\/{rel}","templated":true}]}}